{"id":24,"date":"2015-11-17T09:02:26","date_gmt":"2015-11-17T09:02:26","guid":{"rendered":"http:\/\/www.barisozistek.com\/?page_id=24"},"modified":"2022-03-25T09:09:28","modified_gmt":"2022-03-25T09:09:28","slug":"hakkimda","status":"publish","type":"page","link":"https:\/\/www.barisozistek.com\/tr\/","title":{"rendered":"HAKKIMDA"},"content":{"rendered":"<h1 style=\"text-align: center;\"><strong>BARI\u015e \u00d6Z\u0130STEK<\/strong><\/h1>\n<p style=\"text-align: center;\"><em>CHAIRMAN &amp; ENTREPRENEUR<\/em><\/p>\n<p><img decoding=\"async\" loading=\"lazy\" class=\" wp-image-907 aligncenter\" src=\"http:\/\/www.barisozistek.com\/wp-content\/uploads\/2019\/11\/Bar\u0131\u015f-Bey.png\" alt=\"\" width=\"230\" height=\"230\" srcset=\"https:\/\/www.barisozistek.com\/wp-content\/uploads\/2019\/11\/Bar\u0131\u015f-Bey.png 317w, https:\/\/www.barisozistek.com\/wp-content\/uploads\/2019\/11\/Bar\u0131\u015f-Bey-100x100.png 100w, https:\/\/www.barisozistek.com\/wp-content\/uploads\/2019\/11\/Bar\u0131\u015f-Bey-300x300.png 300w, https:\/\/www.barisozistek.com\/wp-content\/uploads\/2019\/11\/Bar\u0131\u015f-Bey-200x200.png 200w\" sizes=\"(max-width: 230px) 100vw, 230px\" \/><\/p>\n<p>Bar\u0131\u015f \u00d6zistek, 2011 y\u0131l\u0131 ba\u015f\u0131nda CEO olarak kat\u0131ld\u0131\u011f\u0131 SHR Grup b\u00fcnyesinde yer alan ba\u015far\u0131l\u0131 iki internet \u015firketinin yabanc\u0131 yat\u0131r\u0131mc\u0131lara sat\u0131\u015f\u0131na liderlik etmi\u015ftir. 2013 y\u0131l\u0131ndan 2022 y\u0131l\u0131na kadar Netmarble EMEA (Avrupa, Orta Do\u011fu ve Afrika) Y\u00f6netim Kurulu Ba\u015fkan\u0131 olarak g\u00f6rev yapm\u0131\u015ft\u0131r. Genel merkezi Seul\/Kore\u2019de bulunan ve aralar\u0131nda \u0130stanbul ve Dubai \u015fehirlerinin de oldu\u011fu d\u00fcnya \u00e7ap\u0131nda ofisleri bulunan k\u00fcresel oyun firmas\u0131 Netmarble\u2019\u0131n, Avrupa, Ortado\u011fu ve Afrika b\u00f6lgelerinde en \u00e7ok tan\u0131nan markalar\u0131ndan baz\u0131lar\u0131 ise Joygame, Wolfteam, Paramanya, MARVEL Future Fight, BTS World ve Lineage 2: Revolution \u015feklindedir. 2022 itibariyle Joygame \u015firketine Kanadal\u0131 Yahoo Inc. \u015firketinden yat\u0131r\u0131m alm\u0131\u015f ve y\u00f6netim kurulu ba\u015fkan\u0131 olarak buradaki g\u00f6revini s\u00fcrd\u00fcrmeye ba\u015flam\u0131\u015ft\u0131r.<\/p>\n<p>Bar\u0131\u015f \u00d6zistek, teknoloji yat\u0131r\u0131m fonlar\u0131 ve kripto para fonlar\u0131 alan\u0131nda b\u00f6lgedeki lider risk yat\u0131r\u0131m sermayesi ortakl\u0131klar\u0131ndan biri olan Bo\u011fazi\u00e7i Ventures\u2019\u0131n kurucu orta\u011f\u0131 ve Y\u00f6netim Kurulu \u00dcyesi&#8217;dir.<\/p>\n<p>Bar\u0131\u015f \u00d6zistek, T\u00fcrkiye\u2019nin Startup\u2019lara destek veren en b\u00fcy\u00fck giri\u015fim h\u0131zland\u0131rma program\u0131 \u201cStartersHub\u201d\u0131n da kurucular\u0131ndand\u0131r ve 2015-2020 y\u0131llar\u0131 aras\u0131nda aktif olarak Y\u00f6netim Kurulu \u00dcyeli\u011fi yapm\u0131\u015ft\u0131r.<\/p>\n<p>Bar\u0131\u015f \u00d6zistek, Adecco ve Bureau Veritas gibi \u00e7e\u015fitli uluslararas\u0131 firmalarda T\u00fcrkiye, Hazar Denizi &amp; MENA b\u00f6lgesinden sorumlu \u00fcst d\u00fczey y\u00f6netici pozisyonlar\u0131nda g\u00f6rev yapm\u0131\u015ft\u0131r.<\/p>\n<p>Bar\u0131\u015f \u00d6zistek, Y\u0131ld\u0131z Teknik \u00dcniversitesi Makina M\u00fchendisli\u011fi B\u00f6l\u00fcm\u00fc\u2019nde tamamlad\u0131\u011f\u0131 e\u011fitiminin ard\u0131ndan, Makina ve Enerji M\u00fchendisli\u011fi \u00fczerine y\u00fcksek lisans derecesini ve Finans ve Pazarlama dal\u0131nda MBA\u2019i yine Y\u0131ld\u0131z Teknik \u00dcniversitesi\u2019nde tamamlam\u0131\u015ft\u0131r. Y\u00f6netim, sat\u0131\u015f ve pazarlama alanlar\u0131nda bir\u00e7ok e\u011fitimin ard\u0131ndan, \u0130svi\u00e7re\u2019de IMD Business School\u2019da \u0130leri Liderlik E\u011fitimi alm\u0131\u015ft\u0131r.<\/p>\n<p>\u00d6zistek, T\u00fcrkiye\u2019nin \u00f6nde gelen sivil toplum kurulu\u015flar\u0131ndan biri olan\u00a0 T\u00fcrkiye Bili\u015fim Vakf\u0131\u2019n\u0131n \u0130cra ve Y\u00f6netim Kurulu \u00dcyesi&#8217;dir. Bar\u0131\u015f \u00d6zistek, T\u00dcS\u0130AD (T\u00fcrk Sanayicileri ve \u0130\u015f \u0130nsanlar\u0131 Derne\u011fi), Teknolojide Kad\u0131n Derne\u011fi, T\u00dcB\u0130SAD (Bili\u015fim Sanayicileri Derne\u011fi), Girvak ve Blockchain T\u00fcrkiye Platformu (BCTR) gibi \u00f6nde gelen sivil toplum kurulu\u015flar\u0131nda da aktif rol almaktad\u0131r.<\/p>\n","protected":false},"excerpt":{"rendered":"<p>BARI\u015e \u00d6Z\u0130STEK CHAIRMAN &amp; ENTREPRENEUR Bar\u0131\u015f \u00d6zistek, 2011 y\u0131l\u0131 ba\u015f\u0131nda CEO olarak kat\u0131ld\u0131\u011f\u0131 SHR Grup b\u00fcnyesinde yer alan ba\u015far\u0131l\u0131 iki internet \u015firketinin yabanc\u0131 yat\u0131r\u0131mc\u0131lara sat\u0131\u015f\u0131na liderlik&#46;&#46;&#46;<\/p>\n","protected":false},"author":1,"featured_media":0,"parent":0,"menu_order":0,"comment_status":"closed","ping_status":"closed","template":"","meta":[],"post_mailing_queue_ids":[],"_links":{"self":[{"href":"https:\/\/www.barisozistek.com\/tr\/wp-json\/wp\/v2\/pages\/24"}],"collection":[{"href":"https:\/\/www.barisozistek.com\/tr\/wp-json\/wp\/v2\/pages"}],"about":[{"href":"https:\/\/www.barisozistek.com\/tr\/wp-json\/wp\/v2\/types\/page"}],"author":[{"embeddable":true,"href":"https:\/\/www.barisozistek.com\/tr\/wp-json\/wp\/v2\/users\/1"}],"replies":[{"embeddable":true,"href":"https:\/\/www.barisozistek.com\/tr\/wp-json\/wp\/v2\/comments?post=24"}],"version-history":[{"count":18,"href":"https:\/\/www.barisozistek.com\/tr\/wp-json\/wp\/v2\/pages\/24\/revisions"}],"predecessor-version":[{"id":1162,"href":"https:\/\/www.barisozistek.com\/tr\/wp-json\/wp\/v2\/pages\/24\/revisions\/1162"}],"wp:attachment":[{"href":"https:\/\/www.barisozistek.com\/tr\/wp-json\/wp\/v2\/media?parent=24"}],"curies":[{"name":"wp","href":"https:\/\/api.w.org\/{rel}","templated":true}]}}